{"id":7144,"date":"2017-10-12T11:39:29","date_gmt":"2017-10-12T11:39:29","guid":{"rendered":"http:\/\/www.zipperglue.com\/?page_id=7144\/"},"modified":"2020-09-29T08:33:21","modified_gmt":"2020-09-29T08:33:21","slug":"about-us","status":"publish","type":"page","link":"https:\/\/www.zipperglue.com\/tr\/about-us\/","title":{"rendered":"Hakk\u0131m\u0131zda"},"content":{"rendered":"<section class=\"l-section wpb_row height_medium\"><div class=\"l-section-h i-cf\"><div class=\"g-cols via_flex valign_top type_default\"><div class=\"vc_col-sm-12 wpb_column vc_column_container\"><div class=\"vc_column-inner\"><div class=\"wpb_wrapper\"><div class=\"w-tabs layout_hor style_timeline2 switch_click has_scrolling\" style=\"--sections-title-size:1em\"><div class=\"w-tabs-list items_3 stretch\" style=\"text-transform:uppercase;\"><div class=\"w-tabs-list-h\"><a class=\"w-tabs-item active\" aria-controls=\"content-b8dd\" href=\"javascript:void(0);\"><span class=\"w-tabs-item-title\">Hakk\u0131m\u0131zda<\/span><\/a><a class=\"w-tabs-item\" aria-controls=\"content-e0e5\" href=\"javascript:void(0);\"><span class=\"w-tabs-item-title\">2015<\/span><\/a><a class=\"w-tabs-item\" aria-controls=\"content-n804\" href=\"javascript:void(0);\"><span class=\"w-tabs-item-title\">2016<\/span><\/a><\/div><\/div><div class=\"w-tabs-sections titles-align_none icon_chevron cpos_right\"><div class=\"w-tabs-section active\" id=\"1495109674896-df639771-fbe4\"><button aria-controls=\"content-1495109674896-df639771-fbe4\" class=\"w-tabs-section-header active\"><div class=\"w-tabs-section-title\">Hakk\u0131m\u0131zda<\/div><div class=\"w-tabs-section-control\"><\/div><\/button><div class=\"w-tabs-section-content\" id=\"content-1495109674896-df639771-fbe4\" aria-expanded=\"true\"><div class=\"w-tabs-section-content-h i-cf\"><div class=\"g-cols wpb_row via_flex valign_top type_default\"><div class=\"vc_col-sm-12 wpb_column vc_column_container\"><div class=\"vc_column-inner\"><div class=\"wpb_wrapper\"><div class=\"wpb_text_column\"><div class=\"wpb_wrapper\"><p style=\"text-align: justify;\">\u00c7a\u011f\u0131m\u0131zda yap\u0131\u015ft\u0131r\u0131c\u0131lar\u0131n sanayi de, ev masraflar\u0131nda g\u00fcnden g\u00fce artan \u00f6nemi Zipper firmas\u0131 uzmanlar\u0131 dizayn edilmi\u015f makinalarla, yeni ve \u00f6zel yap\u0131\u015ft\u0131r\u0131c\u0131lar \u00fcretmek \u00fczerinde b\u00fcy\u00fck ara\u015ft\u0131rma ba\u015flatm\u0131\u015ft\u0131r ve Piyasan\u0131n ihtiya\u00e7lar\u0131n\u0131 kar\u015f\u0131lamak amac\u0131yla \u00e7ok g\u00fc\u00e7l\u00fc, metakrilat yap\u0131\u015ft\u0131r\u0131c\u0131 \u00fcretmi\u015ftir.<\/p>\n<p style=\"text-align: justify;\">Zipper yap\u0131\u015ft\u0131r\u0131c\u0131, yap\u0131\u015ft\u0131r\u0131c\u0131 sekt\u00f6r\u00fcnde ara\u015ft\u0131rma ve geli\u015ftirmeyle m\u00fc\u015fteri ve \u00fcr\u00fcnlerimizin da\u011f\u0131t\u0131c\u0131lar\u0131 memnuniyeti, \u00e7evremizin korumak, yeni i\u015f f\u0131rsatlar\u0131 sunmak, \u00fcr\u00fcnlerin \u00e7e\u015fitlerini art\u0131rmak \u00fczere d\u00fcnya \u00e7ap\u0131nda uzmanlar ve uluslar aras\u0131 standardlar uygulamakla yeni nesil yap\u0131\u015ft\u0131r\u0131c\u0131lar \u00fcretip, en de\u011ferli elde etdikleri sonu\u00e7lar\u0131 d\u00fcnya \u00e7ap\u0131nda kamuoyuna sunmak pe\u015findedir.<\/p>\n<p style=\"text-align: justify;\">De\u011fi\u015fmez kaliteye odakl\u0131 ilkelerimiz ve s\u00fcrekli m\u00fc\u015fteri memnuniyetini d\u00fc\u015f\u00fcnmekteyiz ve ba\u015far\u0131l\u0131 olman\u0131n yolunu sizin \u00f6neri ve ele\u015ftirilerinizden ge\u00e7ti\u011fine inanmaktayiz.<\/p>\n<\/div><\/div><\/div><\/div><\/div><\/div><\/div><\/div><\/div><div class=\"w-tabs-section\" id=\"1377359144-1-100\"><button aria-controls=\"content-1377359144-1-100\" class=\"w-tabs-section-header\"><div class=\"w-tabs-section-title\">2015<\/div><div class=\"w-tabs-section-control\"><\/div><\/button><div class=\"w-tabs-section-content\" id=\"content-1377359144-1-100\" aria-expanded=\"false\"><div class=\"w-tabs-section-content-h i-cf\"><div class=\"g-cols wpb_row via_flex valign_top type_default\"><div class=\"vc_col-sm-12 wpb_column vc_column_container\"><div class=\"vc_column-inner\"><div class=\"wpb_wrapper\"><div class=\"wpb_text_column\"><div class=\"wpb_wrapper\"><p style=\"text-align: left;\">Fabrika kurulmas\u0131 i\u00e7in ara\u015ft\u0131rma ve \u00e7al\u0131\u015fma<\/p>\n<p style=\"text-align: left;\">Tasar\u0131m ve planlama<\/p>\n<p style=\"text-align: left;\">Ekip \u00fcyelerini se\u00e7in<\/p>\n<\/div><\/div><\/div><\/div><\/div><\/div><\/div><\/div><\/div><div class=\"w-tabs-section\" id=\"1377359144-2-22\"><button aria-controls=\"content-1377359144-2-22\" class=\"w-tabs-section-header\"><div class=\"w-tabs-section-title\">2016<\/div><div class=\"w-tabs-section-control\"><\/div><\/button><div class=\"w-tabs-section-content\" id=\"content-1377359144-2-22\" aria-expanded=\"false\"><div class=\"w-tabs-section-content-h i-cf\"><div class=\"g-cols wpb_row via_flex valign_top type_default\"><div class=\"vc_col-sm-12 wpb_column vc_column_container\"><div class=\"vc_column-inner\"><div class=\"wpb_wrapper\"><div class=\"wpb_text_column\"><div class=\"wpb_wrapper\"><p style=\"text-align: left;\">Fabrika kurulu\u015fu<\/p>\n<p style=\"text-align: left;\">M1, C2, C1 ve M2 ad\u0131 verilen d\u00f6rt \u00fcr\u00fcn\u00fcn \u00fcretimini ba\u015flat\u0131yor<\/p>\n<\/div><\/div><\/div><\/div><\/div><\/div><\/div><\/div><\/div><\/div><\/div><\/div><\/div><\/div><\/div><\/div><\/section><section class=\"l-section wpb_row height_medium color_primary\"><div class=\"l-section-h i-cf\"><div class=\"g-cols via_flex valign_top type_default\"><div class=\"vc_col-sm-12 wpb_column vc_column_container\"><div class=\"vc_column-inner\"><div class=\"wpb_wrapper\"><div class=\"w-actionbox color_primary controls_right\"><div class=\"w-actionbox-text\"><h2 class=\"w-actionbox-title\">Do\u011fay\u0131 korumak i\u00e7in<\/h2><div class=\"w-actionbox-description\"><p>Atmayal\u0131m, Yap\u0131\u015ft\u0131ral\u0131m<\/p>\n<\/div><\/div><div class=\"w-actionbox-controls\"><a class=\"w-btn us-btn-style_3\" href=\"http:\/\/www.zipperglue.com\/pages\/contact-us\/\" style=\"font-size:19px;\"><span class=\"w-btn-label\">\u062a\u0645\u0627\u0633 \u0628\u0627 \u0645\u0627<\/span><\/a><\/div><\/div><\/div><\/div><\/div><\/div><\/div><\/section>\n","protected":false},"excerpt":{"rendered":"Hakk\u0131m\u0131zda20152016Hakk\u0131m\u0131zda\u00c7a\u011f\u0131m\u0131zda yap\u0131\u015ft\u0131r\u0131c\u0131lar\u0131n sanayi de, ev masraflar\u0131nda g\u00fcnden g\u00fce artan \u00f6nemi Zipper firmas\u0131 uzmanlar\u0131 dizayn edilmi\u015f makinalarla, yeni ve \u00f6zel yap\u0131\u015ft\u0131r\u0131c\u0131lar \u00fcretmek \u00fczerinde b\u00fcy\u00fck ara\u015ft\u0131rma ba\u015flatm\u0131\u015ft\u0131r ve Piyasan\u0131n ihtiya\u00e7lar\u0131n\u0131 kar\u015f\u0131lamak amac\u0131yla \u00e7ok g\u00fc\u00e7l\u00fc, metakrilat yap\u0131\u015ft\u0131r\u0131c\u0131 \u00fcretmi\u015ftir. Zipper yap\u0131\u015ft\u0131r\u0131c\u0131, yap\u0131\u015ft\u0131r\u0131c\u0131 sekt\u00f6r\u00fcnde ara\u015ft\u0131rma ve geli\u015ftirmeyle m\u00fc\u015fteri ve \u00fcr\u00fcnlerimizin da\u011f\u0131t\u0131c\u0131lar\u0131 memnuniyeti, \u00e7evremizin korumak, yeni i\u015f f\u0131rsatlar\u0131 sunmak, \u00fcr\u00fcnlerin \u00e7e\u015fitlerini...","protected":false},"author":8,"featured_media":0,"parent":0,"menu_order":0,"comment_status":"closed","ping_status":"closed","template":"","meta":{"_acf_changed":false,"_monsterinsights_skip_tracking":false,"_monsterinsights_sitenote_active":false,"_monsterinsights_sitenote_note":"","_monsterinsights_sitenote_category":0,"footnotes":""},"acf":[],"yoast_head":"<!-- This site is optimized with the Yoast SEO Premium plugin v22.9 (Yoast SEO v22.9) - https:\/\/yoast.com\/wordpress\/plugins\/seo\/ -->\n<title>Hakk\u0131m\u0131zda | \u0635\u0646\u0627\u06cc\u0639 \u0634\u06cc\u0645\u06cc\u0627\u06cc\u06cc \u0686\u0633\u0628 \u0632\u06cc\u067e\u0631<\/title>\n<meta name=\"robots\" content=\"index, follow, max-snippet:-1, max-image-preview:large, max-video-preview:-1\" \/>\n<link rel=\"canonical\" href=\"https:\/\/www.zipperglue.com\/tr\/about-us\/\" \/>\n<meta property=\"og:locale\" content=\"tr_TR\" \/>\n<meta property=\"og:type\" content=\"article\" \/>\n<meta property=\"og:title\" content=\"Hakk\u0131m\u0131zda\" \/>\n<meta property=\"og:url\" content=\"https:\/\/www.zipperglue.com\/tr\/about-us\/\" \/>\n<meta property=\"og:site_name\" content=\"\u0635\u0646\u0627\u06cc\u0639 \u0634\u06cc\u0645\u06cc\u0627\u06cc\u06cc \u0686\u0633\u0628 \u0632\u06cc\u067e\u0631\" \/>\n<meta property=\"article:publisher\" content=\"https:\/\/www.facebook.com\/zipper.glue\" \/>\n<meta property=\"article:modified_time\" content=\"2020-09-29T08:33:21+00:00\" \/>\n<meta name=\"twitter:card\" content=\"summary_large_image\" \/>\n<meta name=\"twitter:site\" content=\"@zipperglue\" \/>\n<meta name=\"twitter:label1\" content=\"Tahmini okuma s\u00fcresi\" \/>\n\t<meta name=\"twitter:data1\" content=\"2 dakika\" \/>\n<script type=\"application\/ld+json\" class=\"yoast-schema-graph\">{\"@context\":\"https:\/\/schema.org\",\"@graph\":[{\"@type\":\"WebPage\",\"@id\":\"https:\/\/www.zipperglue.com\/tr\/about-us\/\",\"url\":\"https:\/\/www.zipperglue.com\/tr\/about-us\/\",\"name\":\"Hakk\u0131m\u0131zda | \u0635\u0646\u0627\u06cc\u0639 \u0634\u06cc\u0645\u06cc\u0627\u06cc\u06cc \u0686\u0633\u0628 \u0632\u06cc\u067e\u0631\",\"isPartOf\":{\"@id\":\"https:\/\/www.zipperglue.com\/#website\"},\"datePublished\":\"2017-10-12T11:39:29+00:00\",\"dateModified\":\"2020-09-29T08:33:21+00:00\",\"breadcrumb\":{\"@id\":\"https:\/\/www.zipperglue.com\/tr\/about-us\/#breadcrumb\"},\"inLanguage\":\"tr\",\"potentialAction\":[{\"@type\":\"ReadAction\",\"target\":[\"https:\/\/www.zipperglue.com\/tr\/about-us\/\"]}]},{\"@type\":\"BreadcrumbList\",\"@id\":\"https:\/\/www.zipperglue.com\/tr\/about-us\/#breadcrumb\",\"itemListElement\":[{\"@type\":\"ListItem\",\"position\":1,\"name\":\"Home\",\"item\":\"https:\/\/www.zipperglue.com\/tr\/\"},{\"@type\":\"ListItem\",\"position\":2,\"name\":\"Hakk\u0131m\u0131zda\"}]},{\"@type\":\"WebSite\",\"@id\":\"https:\/\/www.zipperglue.com\/#website\",\"url\":\"https:\/\/www.zipperglue.com\/\",\"name\":\"\u0635\u0646\u0627\u06cc\u0639 \u0634\u06cc\u0645\u06cc\u0627\u06cc\u06cc \u0686\u0633\u0628 \u0632\u06cc\u067e\u0631\",\"description\":\"\",\"publisher\":{\"@id\":\"https:\/\/www.zipperglue.com\/#organization\"},\"potentialAction\":[{\"@type\":\"SearchAction\",\"target\":{\"@type\":\"EntryPoint\",\"urlTemplate\":\"https:\/\/www.zipperglue.com\/?s={search_term_string}\"},\"query-input\":\"required name=search_term_string\"}],\"inLanguage\":\"tr\"},{\"@type\":\"Organization\",\"@id\":\"https:\/\/www.zipperglue.com\/#organization\",\"name\":\"\u0686\u0633\u0628 \u0632\u06cc\u067e\u0631\",\"url\":\"https:\/\/www.zipperglue.com\/\",\"logo\":{\"@type\":\"ImageObject\",\"inLanguage\":\"tr\",\"@id\":\"https:\/\/www.zipperglue.com\/#\/schema\/logo\/image\/\",\"url\":\"https:\/\/www.zipperglue.com\/wp-content\/uploads\/2017\/05\/02logo.png\",\"contentUrl\":\"https:\/\/www.zipperglue.com\/wp-content\/uploads\/2017\/05\/02logo.png\",\"width\":471,\"height\":485,\"caption\":\"\u0686\u0633\u0628 \u0632\u06cc\u067e\u0631\"},\"image\":{\"@id\":\"https:\/\/www.zipperglue.com\/#\/schema\/logo\/image\/\"},\"sameAs\":[\"https:\/\/www.facebook.com\/zipper.glue\",\"https:\/\/x.com\/zipperglue\",\"https:\/\/www.instagram.com\/zipperglue\/\"]}]}<\/script>\n<!-- \/ Yoast SEO Premium plugin. -->","yoast_head_json":{"title":"Hakk\u0131m\u0131zda | \u0635\u0646\u0627\u06cc\u0639 \u0634\u06cc\u0645\u06cc\u0627\u06cc\u06cc \u0686\u0633\u0628 \u0632\u06cc\u067e\u0631","robots":{"index":"index","follow":"follow","max-snippet":"max-snippet:-1","max-image-preview":"max-image-preview:large","max-video-preview":"max-video-preview:-1"},"canonical":"https:\/\/www.zipperglue.com\/tr\/about-us\/","og_locale":"tr_TR","og_type":"article","og_title":"Hakk\u0131m\u0131zda","og_url":"https:\/\/www.zipperglue.com\/tr\/about-us\/","og_site_name":"\u0635\u0646\u0627\u06cc\u0639 \u0634\u06cc\u0645\u06cc\u0627\u06cc\u06cc \u0686\u0633\u0628 \u0632\u06cc\u067e\u0631","article_publisher":"https:\/\/www.facebook.com\/zipper.glue","article_modified_time":"2020-09-29T08:33:21+00:00","twitter_card":"summary_large_image","twitter_site":"@zipperglue","twitter_misc":{"Tahmini okuma s\u00fcresi":"2 dakika"},"schema":{"@context":"https:\/\/schema.org","@graph":[{"@type":"WebPage","@id":"https:\/\/www.zipperglue.com\/tr\/about-us\/","url":"https:\/\/www.zipperglue.com\/tr\/about-us\/","name":"Hakk\u0131m\u0131zda | \u0635\u0646\u0627\u06cc\u0639 \u0634\u06cc\u0645\u06cc\u0627\u06cc\u06cc \u0686\u0633\u0628 \u0632\u06cc\u067e\u0631","isPartOf":{"@id":"https:\/\/www.zipperglue.com\/#website"},"datePublished":"2017-10-12T11:39:29+00:00","dateModified":"2020-09-29T08:33:21+00:00","breadcrumb":{"@id":"https:\/\/www.zipperglue.com\/tr\/about-us\/#breadcrumb"},"inLanguage":"tr","potentialAction":[{"@type":"ReadAction","target":["https:\/\/www.zipperglue.com\/tr\/about-us\/"]}]},{"@type":"BreadcrumbList","@id":"https:\/\/www.zipperglue.com\/tr\/about-us\/#breadcrumb","itemListElement":[{"@type":"ListItem","position":1,"name":"Home","item":"https:\/\/www.zipperglue.com\/tr\/"},{"@type":"ListItem","position":2,"name":"Hakk\u0131m\u0131zda"}]},{"@type":"WebSite","@id":"https:\/\/www.zipperglue.com\/#website","url":"https:\/\/www.zipperglue.com\/","name":"\u0635\u0646\u0627\u06cc\u0639 \u0634\u06cc\u0645\u06cc\u0627\u06cc\u06cc \u0686\u0633\u0628 \u0632\u06cc\u067e\u0631","description":"","publisher":{"@id":"https:\/\/www.zipperglue.com\/#organization"},"potentialAction":[{"@type":"SearchAction","target":{"@type":"EntryPoint","urlTemplate":"https:\/\/www.zipperglue.com\/?s={search_term_string}"},"query-input":"required name=search_term_string"}],"inLanguage":"tr"},{"@type":"Organization","@id":"https:\/\/www.zipperglue.com\/#organization","name":"\u0686\u0633\u0628 \u0632\u06cc\u067e\u0631","url":"https:\/\/www.zipperglue.com\/","logo":{"@type":"ImageObject","inLanguage":"tr","@id":"https:\/\/www.zipperglue.com\/#\/schema\/logo\/image\/","url":"https:\/\/www.zipperglue.com\/wp-content\/uploads\/2017\/05\/02logo.png","contentUrl":"https:\/\/www.zipperglue.com\/wp-content\/uploads\/2017\/05\/02logo.png","width":471,"height":485,"caption":"\u0686\u0633\u0628 \u0632\u06cc\u067e\u0631"},"image":{"@id":"https:\/\/www.zipperglue.com\/#\/schema\/logo\/image\/"},"sameAs":["https:\/\/www.facebook.com\/zipper.glue","https:\/\/x.com\/zipperglue","https:\/\/www.instagram.com\/zipperglue\/"]}]}},"_links":{"self":[{"href":"https:\/\/www.zipperglue.com\/tr\/wp-json\/wp\/v2\/pages\/7144"}],"collection":[{"href":"https:\/\/www.zipperglue.com\/tr\/wp-json\/wp\/v2\/pages"}],"about":[{"href":"https:\/\/www.zipperglue.com\/tr\/wp-json\/wp\/v2\/types\/page"}],"author":[{"embeddable":true,"href":"https:\/\/www.zipperglue.com\/tr\/wp-json\/wp\/v2\/users\/8"}],"replies":[{"embeddable":true,"href":"https:\/\/www.zipperglue.com\/tr\/wp-json\/wp\/v2\/comments?post=7144"}],"version-history":[{"count":7,"href":"https:\/\/www.zipperglue.com\/tr\/wp-json\/wp\/v2\/pages\/7144\/revisions"}],"predecessor-version":[{"id":8199,"href":"https:\/\/www.zipperglue.com\/tr\/wp-json\/wp\/v2\/pages\/7144\/revisions\/8199"}],"wp:attachment":[{"href":"https:\/\/www.zipperglue.com\/tr\/wp-json\/wp\/v2\/media?parent=7144"}],"curies":[{"name":"wp","href":"https:\/\/api.w.org\/{rel}","templated":true}]}}