{"id":7193,"date":"2017-08-02T09:01:19","date_gmt":"2017-08-02T09:01:19","guid":{"rendered":"http:\/\/www.zipperglue.com\/zipper-multipurpose-mate-two-components-glue\/"},"modified":"2020-09-29T08:35:08","modified_gmt":"2020-09-29T08:35:08","slug":"zipper-multipurpose-mate-two-components-glue","status":"publish","type":"page","link":"https:\/\/www.zipperglue.com\/tr\/zipper-multipurpose-two-component-glue\/zipper-multipurpose-mate-two-components-glue\/","title":{"rendered":"Zipper \u00c7ok Ama\u00e7l\u0131 \u00c7ift kar\u0131\u015f\u0131m Mat Yap\u0131\u015ft\u0131r\u0131c\u0131"},"content":{"rendered":"<section class=\"l-section wpb_row height_auto width_full\"><div class=\"l-section-h i-cf\"><div class=\"g-cols via_flex valign_top type_default\" style=\"--additional-gap:17.5px;\"><div class=\"vc_col-sm-12 wpb_column vc_column_container\"><div class=\"vc_column-inner\"><div class=\"wpb_wrapper\"><div class=\"w-grid us_custom_5efb9656 type_grid layout_8069 cols_3 ratio_4x3\" id=\"us_grid_1\" data-filterable=\"true\"><style>#us_grid_1 .w-grid-item{padding:2px}#us_grid_1 .w-grid-list{margin:-2px}.w-grid + #us_grid_1 .w-grid-list{margin-top:2px}@media (max-width:-1px){#us_grid_1 .w-grid-item{width:50%}#us_grid_1 .w-grid-item.size_2x1,#us_grid_1 .w-grid-item.size_2x2{width:100%}}@media (max-width:-1px){#us_grid_1 .w-grid-list{margin:0}#us_grid_1 .w-grid-item{width:100%;padding:0;margin-bottom:2px}}.layout_8069 .w-grid-item-h:before{padding-bottom:75%}@media (min-width:0px){.layout_8069 .w-grid-item.size_1x2 .w-grid-item-h:before{padding-bottom:calc(150% + 2px + 2px)}.layout_8069 .w-grid-item.size_2x1 .w-grid-item-h:before{padding-bottom:calc(37.5% - 2px * 0.75)}.layout_8069 .w-grid-item.size_2x2 .w-grid-item-h:before{padding-bottom:calc(75% - 2px * -0.5)}}.layout_8069 .w-grid-item-h{}.layout_8069 .usg_post_image_1{transition-duration:0.3s;transform-origin:50% 50%;transform:scale(1) translate(0,0)}.layout_8069 .w-grid-item-h:hover .usg_post_image_1{transform:scale(1) translate(0,0);opacity:0.15}.layout_8069 .usg_vwrapper_1{transition-duration:0.3s;transform-origin:50% 50%;transform:scale(1) translate(0,0)}.layout_8069 .w-grid-item-h:hover .usg_vwrapper_1{transform:scale(1) translate(0,0);opacity:0}.layout_8069 .usg_vwrapper_2{transition-duration:0.3s;transform-origin:50% 50%;transform:scale(1) translate(0,0)}.layout_8069 .w-grid-item-h:hover .usg_vwrapper_2{transform:scale(1) translate(0,-20%);opacity:1;color:inherit!important}.layout_8069 .usg_post_image_1{position:absolute!important;top:0!important;right:0!important;bottom:0!important;left:0!important}.layout_8069 .usg_vwrapper_1{position:absolute!important;top:50%!important;right:0!important;bottom:-1px!important;left:0!important}.layout_8069 .usg_vwrapper_2{position:absolute!important;right:0!important;bottom:0!important;left:0!important;padding-right:2rem!important;padding-bottom:1.5rem!important;padding-left:2rem!important;color:#fff!important}.layout_8069 .usg_post_title_1{color:inherit!important}.layout_8069 .usg_post_date_1{font-size:13px!important}<\/style><div class=\"w-grid-list\">\t<article class=\"w-grid-item size_1x1 post-7299 us_portfolio type-us_portfolio status-publish has-post-thumbnail hentry us_portfolio_category-multipurpose-two-component-glue-tr us_portfolio_category-m2-tr us_portfolio_category-matte-tr us_portfolio_tag-395\" data-id=\"7299\">\r\n\t\t<div class=\"w-grid-item-h\" style=\"background:#7cb342;color:#ffffff;\">\r\n\t\t\t\t\t\t\t<a class=\"w-grid-item-anchor\" href=\"https:\/\/www.zipperglue.com\/tr\/portfolio\/m2\/\" rel=\"bookmark\" aria-label=\"Zipper 16g\u0131raml\u0131k \u00c7ok Ama\u00e7l\u0131 \u00c7ift kar\u0131\u015f\u0131m Mat Yap\u0131\u015ft\u0131r\u0131c\u0131 M2\"><\/a>\r\n\t\t\t\t\t\t<div class=\"w-post-elm post_image usg_post_image_1 stretched\"><img decoding=\"async\" width=\"500\" height=\"281\" src=\"https:\/\/www.zipperglue.com\/wp-content\/uploads\/2017\/05\/Matt-1.jpg\" class=\"attachment-us_img_size_1 size-us_img_size_1 wp-post-image\" alt=\"\u0686\u0633\u0628 \u062f\u0648\u0642\u0644\u0648\u06cc \u0647\u0632\u0627\u0631 \u06a9\u0627\u0631\u0647 \u0645\u0627\u062a 8 \u0648 \u06f1\u06f6 \u06af\u0631\u0645 M1 \u0648 M2 \u0632\u06cc\u067e\u0631\" srcset=\"https:\/\/www.zipperglue.com\/wp-content\/uploads\/2017\/05\/Matt-1.jpg 500w, https:\/\/www.zipperglue.com\/wp-content\/uploads\/2017\/05\/Matt-1-300x169.jpg 300w\" sizes=\"(max-width: 500px) 100vw, 500px\" \/><\/div><div class=\"w-vwrapper usg_vwrapper_1 align_center valign_top\"><\/div><div class=\"w-vwrapper usg_vwrapper_2 align_left valign_top\"><h2 class=\"w-post-elm post_title usg_post_title_1 entry-title color_link_inherit has_text_color\">Zipper 16g\u0131raml\u0131k \u00c7ok Ama\u00e7l\u0131 \u00c7ift kar\u0131\u015f\u0131m Mat Yap\u0131\u015ft\u0131r\u0131c\u0131 M2<\/h2><time class=\"w-post-elm post_date usg_post_date_1 entry-date published\" datetime=\"2017-05-18T14:41:11+00:00\">May\u0131s 18, 2017<\/time><\/div>\t\t<\/div>\r\n\t<\/article>\r\n\t<article class=\"w-grid-item size_1x1 post-7300 us_portfolio type-us_portfolio status-publish has-post-thumbnail hentry us_portfolio_category-multipurpose-two-component-glue-tr us_portfolio_category-m1-tr us_portfolio_category-matte-tr us_portfolio_tag-395\" data-id=\"7300\">\r\n\t\t<div class=\"w-grid-item-h\" style=\"background:#ff5d44;color:#ffffff;\">\r\n\t\t\t\t\t\t\t<a class=\"w-grid-item-anchor\" href=\"https:\/\/www.zipperglue.com\/tr\/portfolio\/m1\/\" rel=\"bookmark\" aria-label=\"Zipper 8g\u0131raml\u0131k \u00c7ok Ama\u00e7l\u0131 \u00c7ift kar\u0131\u015f\u0131m Mat Yap\u0131\u015ft\u0131r\u0131c\u0131 M1\"><\/a>\r\n\t\t\t\t\t\t<div class=\"w-post-elm post_image usg_post_image_1 stretched\"><img decoding=\"async\" width=\"500\" height=\"281\" src=\"https:\/\/www.zipperglue.com\/wp-content\/uploads\/2017\/05\/Matt-1.jpg\" class=\"attachment-us_img_size_1 size-us_img_size_1 wp-post-image\" alt=\"\u0686\u0633\u0628 \u062f\u0648\u0642\u0644\u0648\u06cc \u0647\u0632\u0627\u0631 \u06a9\u0627\u0631\u0647 \u0645\u0627\u062a 8 \u0648 \u06f1\u06f6 \u06af\u0631\u0645 M1 \u0648 M2 \u0632\u06cc\u067e\u0631\" srcset=\"https:\/\/www.zipperglue.com\/wp-content\/uploads\/2017\/05\/Matt-1.jpg 500w, https:\/\/www.zipperglue.com\/wp-content\/uploads\/2017\/05\/Matt-1-300x169.jpg 300w\" sizes=\"(max-width: 500px) 100vw, 500px\" \/><\/div><div class=\"w-vwrapper usg_vwrapper_1 align_center valign_top\"><\/div><div class=\"w-vwrapper usg_vwrapper_2 align_left valign_top\"><h2 class=\"w-post-elm post_title usg_post_title_1 entry-title color_link_inherit has_text_color\">Zipper 8g\u0131raml\u0131k \u00c7ok Ama\u00e7l\u0131 \u00c7ift kar\u0131\u015f\u0131m Mat Yap\u0131\u015ft\u0131r\u0131c\u0131 M1<\/h2><time class=\"w-post-elm post_date usg_post_date_1 entry-date published\" datetime=\"2014-08-09T16:38:36+00:00\">A\u011fustos 9, 2014<\/time><\/div>\t\t<\/div>\r\n\t<\/article>\r\n<\/div><div class=\"w-grid-preloader\"><div class=\"g-preloader type_1\">\r\n\t<div><\/div>\r\n<\/div>\r\n<\/div>\t<div class=\"w-grid-json hidden\" onclick='return {&quot;action&quot;:&quot;us_ajax_grid&quot;,&quot;ajax_url&quot;:&quot;https:\\\/\\\/www.zipperglue.com\\\/wp-admin\\\/admin-ajax.php&quot;,&quot;infinite_scroll&quot;:0,&quot;max_num_pages&quot;:1,&quot;pagination&quot;:&quot;none&quot;,&quot;permalink_url&quot;:&quot;https:\\\/\\\/www.zipperglue.com\\\/tr\\\/wp-json\\\/wp\\\/v2\\\/pages\\\/7193\\\/&quot;,&quot;template_vars&quot;:{&quot;columns&quot;:&quot;3&quot;,&quot;exclude_items&quot;:&quot;none&quot;,&quot;img_size&quot;:&quot;us_img_size_1&quot;,&quot;ignore_items_size&quot;:false,&quot;items_layout&quot;:&quot;8069&quot;,&quot;items_offset&quot;:&quot;1&quot;,&quot;load_animation&quot;:&quot;none&quot;,&quot;overriding_link&quot;:&quot;post&quot;,&quot;post_id&quot;:7193,&quot;query_args&quot;:{&quot;post_type&quot;:[&quot;us_portfolio&quot;],&quot;tax_query&quot;:[{&quot;taxonomy&quot;:&quot;us_portfolio_category&quot;,&quot;field&quot;:&quot;slug&quot;,&quot;terms&quot;:[&quot;m1&quot;,&quot;m2&quot;]}],&quot;post_status&quot;:[&quot;publish&quot;,&quot;acf-disabled&quot;],&quot;posts_per_page&quot;:999},&quot;orderby_query_args&quot;:{&quot;orderby&quot;:{&quot;date&quot;:&quot;DESC&quot;}},&quot;type&quot;:&quot;grid&quot;,&quot;us_grid_ajax_index&quot;:1,&quot;us_grid_filter_params&quot;:null,&quot;us_grid_index&quot;:1,&quot;_us_grid_post_type&quot;:&quot;us_portfolio&quot;,&quot;lang&quot;:&quot;tr&quot;}}'><\/div>\r\n\t<\/div><\/div><\/div><\/div><\/div><\/div><\/section><section class=\"l-section wpb_row height_medium\"><div class=\"l-section-h i-cf\"><div class=\"g-cols via_flex valign_top type_default\"><div class=\"vc_col-sm-12 wpb_column vc_column_container\"><div class=\"vc_column-inner\"><div class=\"wpb_wrapper\"><div class=\"wpb_text_column\"><div class=\"wpb_wrapper\"><\/div><\/div><\/div><\/div><\/div><\/div><\/div><\/section>\n","protected":false},"excerpt":{"rendered":"Zipper, \u00e7e\u015fitli maddeleri h\u0131zl\u0131ca birbirine yap\u0131\u015ft\u0131ran, y\u00fcksek kimiyasal\u0131\u011fa dayan\u0131kl\u0131, \u00e7ok ama\u00e7l\u0131 yap\u0131\u015ft\u0131r\u0131c\u0131d\u0131r. Is\u0131ya -30\u00b0C den 130\u00b0C kadar olan m\u00fckavemeti ve 320kg\/cm2 gerilme direnci bu \u00fcr\u00fcn\u00fcn \u00f6zelliklerindendir. Tornalanma, boya kabul etme, 2 dakikada kuruma \u00f6zellikleri, araba par\u00e7alar\u0131, ev e\u015fyalar\u0131 ve en\u00fcstriyal par\u00e7alar\u0131n isterse metal isterse metal olmayan (polyetilen ve p.p den ba\u015fka) her t\u00fcrl\u00fc yap\u0131\u015ft\u0131r\u0131p, onar\u0131m...","protected":false},"author":8,"featured_media":0,"parent":7191,"menu_order":0,"comment_status":"closed","ping_status":"closed","template":"","meta":{"_acf_changed":false,"_monsterinsights_skip_tracking":false,"_monsterinsights_sitenote_active":false,"_monsterinsights_sitenote_note":"","_monsterinsights_sitenote_category":0,"footnotes":""},"acf":[],"yoast_head":"<!-- This site is optimized with the Yoast SEO Premium plugin v22.9 (Yoast SEO v22.9) - https:\/\/yoast.com\/wordpress\/plugins\/seo\/ -->\n<title>Zipper \u00c7ok Ama\u00e7l\u0131 \u00c7ift kar\u0131\u015f\u0131m Mat Yap\u0131\u015ft\u0131r\u0131c\u0131 | \u0635\u0646\u0627\u06cc\u0639 \u0634\u06cc\u0645\u06cc\u0627\u06cc\u06cc \u0686\u0633\u0628 \u0632\u06cc\u067e\u0631<\/title>\n<meta name=\"robots\" content=\"index, follow, max-snippet:-1, max-image-preview:large, max-video-preview:-1\" \/>\n<link rel=\"canonical\" href=\"https:\/\/www.zipperglue.com\/tr\/zipper-multipurpose-two-component-glue\/zipper-multipurpose-mate-two-components-glue\/\" \/>\n<meta property=\"og:locale\" content=\"tr_TR\" \/>\n<meta property=\"og:type\" content=\"article\" \/>\n<meta property=\"og:title\" content=\"Zipper \u00c7ok Ama\u00e7l\u0131 \u00c7ift kar\u0131\u015f\u0131m Mat Yap\u0131\u015ft\u0131r\u0131c\u0131\" \/>\n<meta property=\"og:url\" content=\"https:\/\/www.zipperglue.com\/tr\/zipper-multipurpose-two-component-glue\/zipper-multipurpose-mate-two-components-glue\/\" \/>\n<meta property=\"og:site_name\" content=\"\u0635\u0646\u0627\u06cc\u0639 \u0634\u06cc\u0645\u06cc\u0627\u06cc\u06cc \u0686\u0633\u0628 \u0632\u06cc\u067e\u0631\" \/>\n<meta property=\"article:publisher\" content=\"https:\/\/www.facebook.com\/zipper.glue\" \/>\n<meta property=\"article:modified_time\" content=\"2020-09-29T08:35:08+00:00\" \/>\n<meta name=\"twitter:card\" content=\"summary_large_image\" \/>\n<meta name=\"twitter:site\" content=\"@zipperglue\" \/>\n<script type=\"application\/ld+json\" class=\"yoast-schema-graph\">{\"@context\":\"https:\/\/schema.org\",\"@graph\":[{\"@type\":\"WebPage\",\"@id\":\"https:\/\/www.zipperglue.com\/tr\/zipper-multipurpose-two-component-glue\/zipper-multipurpose-mate-two-components-glue\/\",\"url\":\"https:\/\/www.zipperglue.com\/tr\/zipper-multipurpose-two-component-glue\/zipper-multipurpose-mate-two-components-glue\/\",\"name\":\"Zipper \u00c7ok Ama\u00e7l\u0131 \u00c7ift kar\u0131\u015f\u0131m Mat Yap\u0131\u015ft\u0131r\u0131c\u0131 | \u0635\u0646\u0627\u06cc\u0639 \u0634\u06cc\u0645\u06cc\u0627\u06cc\u06cc \u0686\u0633\u0628 \u0632\u06cc\u067e\u0631\",\"isPartOf\":{\"@id\":\"https:\/\/www.zipperglue.com\/#website\"},\"datePublished\":\"2017-08-02T09:01:19+00:00\",\"dateModified\":\"2020-09-29T08:35:08+00:00\",\"breadcrumb\":{\"@id\":\"https:\/\/www.zipperglue.com\/tr\/zipper-multipurpose-two-component-glue\/zipper-multipurpose-mate-two-components-glue\/#breadcrumb\"},\"inLanguage\":\"tr\",\"potentialAction\":[{\"@type\":\"ReadAction\",\"target\":[\"https:\/\/www.zipperglue.com\/tr\/zipper-multipurpose-two-component-glue\/zipper-multipurpose-mate-two-components-glue\/\"]}]},{\"@type\":\"BreadcrumbList\",\"@id\":\"https:\/\/www.zipperglue.com\/tr\/zipper-multipurpose-two-component-glue\/zipper-multipurpose-mate-two-components-glue\/#breadcrumb\",\"itemListElement\":[{\"@type\":\"ListItem\",\"position\":1,\"name\":\"Home\",\"item\":\"https:\/\/www.zipperglue.com\/tr\/\"},{\"@type\":\"ListItem\",\"position\":2,\"name\":\"Zipper \u00c7ift kar\u0131\u015f\u0131m \u00c7ok Ama\u00e7l\u0131 Yap\u0131\u015ft\u0131r\u0131c\u0131\",\"item\":\"https:\/\/www.zipperglue.com\/tr\/zipper-multipurpose-two-component-glue\/\"},{\"@type\":\"ListItem\",\"position\":3,\"name\":\"Zipper \u00c7ok Ama\u00e7l\u0131 \u00c7ift kar\u0131\u015f\u0131m Mat Yap\u0131\u015ft\u0131r\u0131c\u0131\"}]},{\"@type\":\"WebSite\",\"@id\":\"https:\/\/www.zipperglue.com\/#website\",\"url\":\"https:\/\/www.zipperglue.com\/\",\"name\":\"\u0635\u0646\u0627\u06cc\u0639 \u0634\u06cc\u0645\u06cc\u0627\u06cc\u06cc \u0686\u0633\u0628 \u0632\u06cc\u067e\u0631\",\"description\":\"\",\"publisher\":{\"@id\":\"https:\/\/www.zipperglue.com\/#organization\"},\"potentialAction\":[{\"@type\":\"SearchAction\",\"target\":{\"@type\":\"EntryPoint\",\"urlTemplate\":\"https:\/\/www.zipperglue.com\/?s={search_term_string}\"},\"query-input\":\"required name=search_term_string\"}],\"inLanguage\":\"tr\"},{\"@type\":\"Organization\",\"@id\":\"https:\/\/www.zipperglue.com\/#organization\",\"name\":\"\u0686\u0633\u0628 \u0632\u06cc\u067e\u0631\",\"url\":\"https:\/\/www.zipperglue.com\/\",\"logo\":{\"@type\":\"ImageObject\",\"inLanguage\":\"tr\",\"@id\":\"https:\/\/www.zipperglue.com\/#\/schema\/logo\/image\/\",\"url\":\"https:\/\/www.zipperglue.com\/wp-content\/uploads\/2017\/05\/02logo.png\",\"contentUrl\":\"https:\/\/www.zipperglue.com\/wp-content\/uploads\/2017\/05\/02logo.png\",\"width\":471,\"height\":485,\"caption\":\"\u0686\u0633\u0628 \u0632\u06cc\u067e\u0631\"},\"image\":{\"@id\":\"https:\/\/www.zipperglue.com\/#\/schema\/logo\/image\/\"},\"sameAs\":[\"https:\/\/www.facebook.com\/zipper.glue\",\"https:\/\/x.com\/zipperglue\",\"https:\/\/www.instagram.com\/zipperglue\/\"]}]}<\/script>\n<!-- \/ Yoast SEO Premium plugin. -->","yoast_head_json":{"title":"Zipper \u00c7ok Ama\u00e7l\u0131 \u00c7ift kar\u0131\u015f\u0131m Mat Yap\u0131\u015ft\u0131r\u0131c\u0131 | \u0635\u0646\u0627\u06cc\u0639 \u0634\u06cc\u0645\u06cc\u0627\u06cc\u06cc \u0686\u0633\u0628 \u0632\u06cc\u067e\u0631","robots":{"index":"index","follow":"follow","max-snippet":"max-snippet:-1","max-image-preview":"max-image-preview:large","max-video-preview":"max-video-preview:-1"},"canonical":"https:\/\/www.zipperglue.com\/tr\/zipper-multipurpose-two-component-glue\/zipper-multipurpose-mate-two-components-glue\/","og_locale":"tr_TR","og_type":"article","og_title":"Zipper \u00c7ok Ama\u00e7l\u0131 \u00c7ift kar\u0131\u015f\u0131m Mat Yap\u0131\u015ft\u0131r\u0131c\u0131","og_url":"https:\/\/www.zipperglue.com\/tr\/zipper-multipurpose-two-component-glue\/zipper-multipurpose-mate-two-components-glue\/","og_site_name":"\u0635\u0646\u0627\u06cc\u0639 \u0634\u06cc\u0645\u06cc\u0627\u06cc\u06cc \u0686\u0633\u0628 \u0632\u06cc\u067e\u0631","article_publisher":"https:\/\/www.facebook.com\/zipper.glue","article_modified_time":"2020-09-29T08:35:08+00:00","twitter_card":"summary_large_image","twitter_site":"@zipperglue","schema":{"@context":"https:\/\/schema.org","@graph":[{"@type":"WebPage","@id":"https:\/\/www.zipperglue.com\/tr\/zipper-multipurpose-two-component-glue\/zipper-multipurpose-mate-two-components-glue\/","url":"https:\/\/www.zipperglue.com\/tr\/zipper-multipurpose-two-component-glue\/zipper-multipurpose-mate-two-components-glue\/","name":"Zipper \u00c7ok Ama\u00e7l\u0131 \u00c7ift kar\u0131\u015f\u0131m Mat Yap\u0131\u015ft\u0131r\u0131c\u0131 | \u0635\u0646\u0627\u06cc\u0639 \u0634\u06cc\u0645\u06cc\u0627\u06cc\u06cc \u0686\u0633\u0628 \u0632\u06cc\u067e\u0631","isPartOf":{"@id":"https:\/\/www.zipperglue.com\/#website"},"datePublished":"2017-08-02T09:01:19+00:00","dateModified":"2020-09-29T08:35:08+00:00","breadcrumb":{"@id":"https:\/\/www.zipperglue.com\/tr\/zipper-multipurpose-two-component-glue\/zipper-multipurpose-mate-two-components-glue\/#breadcrumb"},"inLanguage":"tr","potentialAction":[{"@type":"ReadAction","target":["https:\/\/www.zipperglue.com\/tr\/zipper-multipurpose-two-component-glue\/zipper-multipurpose-mate-two-components-glue\/"]}]},{"@type":"BreadcrumbList","@id":"https:\/\/www.zipperglue.com\/tr\/zipper-multipurpose-two-component-glue\/zipper-multipurpose-mate-two-components-glue\/#breadcrumb","itemListElement":[{"@type":"ListItem","position":1,"name":"Home","item":"https:\/\/www.zipperglue.com\/tr\/"},{"@type":"ListItem","position":2,"name":"Zipper \u00c7ift kar\u0131\u015f\u0131m \u00c7ok Ama\u00e7l\u0131 Yap\u0131\u015ft\u0131r\u0131c\u0131","item":"https:\/\/www.zipperglue.com\/tr\/zipper-multipurpose-two-component-glue\/"},{"@type":"ListItem","position":3,"name":"Zipper \u00c7ok Ama\u00e7l\u0131 \u00c7ift kar\u0131\u015f\u0131m Mat Yap\u0131\u015ft\u0131r\u0131c\u0131"}]},{"@type":"WebSite","@id":"https:\/\/www.zipperglue.com\/#website","url":"https:\/\/www.zipperglue.com\/","name":"\u0635\u0646\u0627\u06cc\u0639 \u0634\u06cc\u0645\u06cc\u0627\u06cc\u06cc \u0686\u0633\u0628 \u0632\u06cc\u067e\u0631","description":"","publisher":{"@id":"https:\/\/www.zipperglue.com\/#organization"},"potentialAction":[{"@type":"SearchAction","target":{"@type":"EntryPoint","urlTemplate":"https:\/\/www.zipperglue.com\/?s={search_term_string}"},"query-input":"required name=search_term_string"}],"inLanguage":"tr"},{"@type":"Organization","@id":"https:\/\/www.zipperglue.com\/#organization","name":"\u0686\u0633\u0628 \u0632\u06cc\u067e\u0631","url":"https:\/\/www.zipperglue.com\/","logo":{"@type":"ImageObject","inLanguage":"tr","@id":"https:\/\/www.zipperglue.com\/#\/schema\/logo\/image\/","url":"https:\/\/www.zipperglue.com\/wp-content\/uploads\/2017\/05\/02logo.png","contentUrl":"https:\/\/www.zipperglue.com\/wp-content\/uploads\/2017\/05\/02logo.png","width":471,"height":485,"caption":"\u0686\u0633\u0628 \u0632\u06cc\u067e\u0631"},"image":{"@id":"https:\/\/www.zipperglue.com\/#\/schema\/logo\/image\/"},"sameAs":["https:\/\/www.facebook.com\/zipper.glue","https:\/\/x.com\/zipperglue","https:\/\/www.instagram.com\/zipperglue\/"]}]}},"_links":{"self":[{"href":"https:\/\/www.zipperglue.com\/tr\/wp-json\/wp\/v2\/pages\/7193"}],"collection":[{"href":"https:\/\/www.zipperglue.com\/tr\/wp-json\/wp\/v2\/pages"}],"about":[{"href":"https:\/\/www.zipperglue.com\/tr\/wp-json\/wp\/v2\/types\/page"}],"author":[{"embeddable":true,"href":"https:\/\/www.zipperglue.com\/tr\/wp-json\/wp\/v2\/users\/8"}],"replies":[{"embeddable":true,"href":"https:\/\/www.zipperglue.com\/tr\/wp-json\/wp\/v2\/comments?post=7193"}],"version-history":[{"count":9,"href":"https:\/\/www.zipperglue.com\/tr\/wp-json\/wp\/v2\/pages\/7193\/revisions"}],"predecessor-version":[{"id":8221,"href":"https:\/\/www.zipperglue.com\/tr\/wp-json\/wp\/v2\/pages\/7193\/revisions\/8221"}],"up":[{"embeddable":true,"href":"https:\/\/www.zipperglue.com\/tr\/wp-json\/wp\/v2\/pages\/7191"}],"wp:attachment":[{"href":"https:\/\/www.zipperglue.com\/tr\/wp-json\/wp\/v2\/media?parent=7193"}],"curies":[{"name":"wp","href":"https:\/\/api.w.org\/{rel}","templated":true}]}}