{"id":7253,"date":"2013-05-31T12:08:43","date_gmt":"2013-05-31T12:08:43","guid":{"rendered":"http:\/\/www.zipperglue.com\/products\/"},"modified":"2024-01-31T13:48:44","modified_gmt":"2024-01-31T13:48:44","slug":"products","status":"publish","type":"page","link":"https:\/\/www.zipperglue.com\/tr\/products\/","title":{"rendered":"\u00dcr\u00fcnler"},"content":{"rendered":"<section class=\"l-section wpb_row height_medium\"><div class=\"l-section-h i-cf\"><div class=\"g-cols via_flex valign_top type_default\"><div class=\"vc_col-sm-12 wpb_column vc_column_container\"><div class=\"vc_column-inner\"><div class=\"wpb_wrapper\"><h1 class=\"w-text us_custom_eb849559\"><span class=\"w-text-h\"><span class=\"w-text-value\">Fermuar yap\u0131\u015ft\u0131r\u0131c\u0131 kimya sanayi \u00fcr\u00fcnleri<\/span><\/span><\/h1><p class=\"w-text us_custom_eb849559\"><span class=\"w-text-h\"><span class=\"w-text-value\">Fermuar Yap\u0131\u015ft\u0131r\u0131c\u0131 Kimya Sanayii \u0130ran&#8217;da end\u00fcstriyel yap\u0131\u015ft\u0131r\u0131c\u0131 \u00fcreticisi<\/span><\/span><\/p><\/div><\/div><\/div><\/div><\/div><\/section><!-- Row Backgrounds --><div class=\"upb_color\" data-bg-override=\"0\" data-bg-color=\"#e5e5e5\" data-fadeout=\"\" data-fadeout-percentage=\"30\" data-parallax-content=\"\" data-parallax-content-sense=\"30\" data-row-effect-mobile-disable=\"true\" data-img-parallax-mobile-disable=\"true\" data-rtl=\"false\"  data-custom-vc-row=\"\"  data-vc=\"6.8.0\"  data-is_old_vc=\"\"  data-theme-support=\"\"   data-overlay=\"false\" data-overlay-color=\"\" data-overlay-pattern=\"\" data-overlay-pattern-opacity=\"\" data-overlay-pattern-size=\"\"    ><\/div><section class=\"l-section wpb_row height_medium\"><div class=\"l-section-h i-cf\"><div class=\"g-cols via_flex valign_top type_default\"><div class=\"vc_col-sm-3 wpb_column vc_column_container\"><div class=\"vc_column-inner\"><div class=\"wpb_wrapper\"><div class=\"ult-ih-container ult-adjust-bottom-margin  \" >\t<ul class=\"ult-ih-list \"  data-shape=\"square\"  data-width=\"250\"  data-height=\"250\"  style=\"text-align:center; \"><li id=\"ult-ih-list-item-6132\" class=\"ult-ih-list-item\" style=\"height: 250px; width: 250px;  margin: 15px\"><a class=\"ult-ih-link\" href=\"https:\/\/www.zipperglue.com\/tr\/zipper-multipurpose-two-component-glue\/\" title=\"Zipper \u00c7ift kar\u0131\u015f\u0131m \u00c7ok Ama\u00e7l\u0131 Yap\u0131\u015ft\u0131r\u0131c\u0131\"  ><div style=\"height: 250px; width: 250px; \" class=\"ult-ih-item ult-ih-effect17    \"><div class=\"ult-ih-image-block\" style=\"height: 250px; width: 250px; \">\t<div class=\"ult-ih-wrapper\" style=\"\"><\/div>\t<img decoding=\"async\" class=\"ult-ih-image\" src=\"https:\/\/www.zipperglue.com\/wp-content\/uploads\/2021\/08\/E20-01.jpg\" alt=\"null\"><\/div><div class=\"ult-ih-info\" style=\"background-color: rgba(0,0,0,0.75); \">\t<div class=\"ult-ih-info-back\">\t<div class=\"ult-ih-content\">\t\t\t<div class=\"ult-ih-heading-block\" style=\"\">\t\t\t\t<h2 class=\"ult-ih-heading ult-responsive\" style=\"color:#ffffff;\"  data-ultimate-target='#ult-ih-list-item-6132 .ult-ih-heading'  data-responsive-json-new='{\"font-size\":\"desktop:22px;\",\"line-height\":\"desktop:28px;\"}' >Zipper Ikiz Yap\u0131\u015ft\u0131r\u0131c\u0131 E20<\/h2>\t\t\t<\/div>\t\t\t<div class=\"ult-ih-divider-block\" style=\"height:1px;\">\t\t\t\t<span class=\"ult-ih-line\" style=\"border-style:solid;border-color:rgba(255,255,255,0.75);width:100px;border-width:1px;\"><\/span>\t\t\t<\/div>\t\t\t<div class=\"ult-ih-description-block\" style=\"\">\t\t\t\t<div class=\"ult-ih-description ult-responsive\" style=\"color:#bbbbbb;\"  data-ultimate-target='#ult-ih-list-item-6132 .ult-ih-description, #ult-ih-list-item-6132 .ult-ih-description p'  data-responsive-json-new='{\"font-size\":\"desktop:12px;\",\"line-height\":\"desktop:18px;\"}' >\t\t\t\t<\/div>\t\t\t<\/div>\t<\/div>\t<\/div><\/div><\/div><\/a><\/li>\t<\/ul><\/div><\/div><\/div><\/div><div class=\"vc_col-sm-3 wpb_column vc_column_container\"><div class=\"vc_column-inner\"><div class=\"wpb_wrapper\"><div class=\"ult-ih-container ult-adjust-bottom-margin  \" >\t<ul class=\"ult-ih-list \"  data-shape=\"square\"  data-width=\"250\"  data-height=\"250\"  style=\"text-align:center; \"><li id=\"ult-ih-list-item-7071\" class=\"ult-ih-list-item\" style=\"height: 250px; width: 250px;  margin: 15px\"><a class=\"ult-ih-link\" href=\"https:\/\/www.zipperglue.com\/tr\/gasket-maker\/\" title=\"Zipper 85g\u0131raml\u0131k Conta Yap\u0131\u015ft\u0131r\u0131c\u0131s\u0131\"  ><div style=\"height: 250px; width: 250px; \" class=\"ult-ih-item ult-ih-effect17    \"><div class=\"ult-ih-image-block\" style=\"height: 250px; width: 250px; \">\t<div class=\"ult-ih-wrapper\" style=\"\"><\/div>\t<img decoding=\"async\" class=\"ult-ih-image\" src=\"https:\/\/www.zipperglue.com\/wp-content\/uploads\/2021\/06\/Gasket.jpg\" alt=\"null\"><\/div><div class=\"ult-ih-info\" style=\"background-color: rgba(0,0,0,0.75); \">\t<div class=\"ult-ih-info-back\">\t<div class=\"ult-ih-content\">\t\t\t<div class=\"ult-ih-heading-block\" style=\"\">\t\t\t\t<h2 class=\"ult-ih-heading ult-responsive\" style=\"color:#ffffff;\"  data-ultimate-target='#ult-ih-list-item-7071 .ult-ih-heading'  data-responsive-json-new='{\"font-size\":\"desktop:22px;\",\"line-height\":\"desktop:28px;\"}' >Zipper Conta Yap\u0131\u015ft\u0131r\u0131c\u0131s\u0131<\/h2>\t\t\t<\/div>\t\t\t<div class=\"ult-ih-divider-block\" style=\"height:1px;\">\t\t\t\t<span class=\"ult-ih-line\" style=\"border-style:solid;border-color:rgba(255,255,255,0.75);width:100px;border-width:1px;\"><\/span>\t\t\t<\/div>\t\t\t<div class=\"ult-ih-description-block\" style=\"\">\t\t\t\t<div class=\"ult-ih-description ult-responsive\" style=\"color:#bbbbbb;\"  data-ultimate-target='#ult-ih-list-item-7071 .ult-ih-description, #ult-ih-list-item-7071 .ult-ih-description p'  data-responsive-json-new='{\"font-size\":\"desktop:12px;\",\"line-height\":\"desktop:18px;\"}' >\t\t\t\t<\/div>\t\t\t<\/div>\t<\/div>\t<\/div><\/div><\/div><\/a><\/li>\t<\/ul><\/div><\/div><\/div><\/div><div class=\"vc_col-sm-3 wpb_column vc_column_container\"><div class=\"vc_column-inner\"><div class=\"wpb_wrapper\"><div class=\"ult-ih-container ult-adjust-bottom-margin  \" >\t<ul class=\"ult-ih-list \"  data-shape=\"square\"  data-width=\"250\"  data-height=\"250\"  style=\"text-align:center; \"><li id=\"ult-ih-list-item-7051\" class=\"ult-ih-list-item\" style=\"height: 250px; width: 250px;  margin: 15px\"><a class=\"ult-ih-link\" href=\"https:\/\/www.zipperglue.com\/tr\/portfolio\/zipper-car-protector-strip-adhesive\/\" title=\"Zipper Araba Yap\u0131\u015ft\u0131r\u0131c\u0131s\u0131\"  ><div style=\"height: 250px; width: 250px; \" class=\"ult-ih-item ult-ih-effect17    \"><div class=\"ult-ih-image-block\" style=\"height: 250px; width: 250px; \">\t<div class=\"ult-ih-wrapper\" style=\"\"><\/div>\t<img decoding=\"async\" class=\"ult-ih-image\" src=\"https:\/\/www.zipperglue.com\/wp-content\/uploads\/2021\/06\/Zeh.jpg\" alt=\"null\"><\/div><div class=\"ult-ih-info\" style=\"background-color: rgba(0,0,0,0.75); \">\t<div class=\"ult-ih-info-back\">\t<div class=\"ult-ih-content\">\t\t\t<div class=\"ult-ih-heading-block\" style=\"\">\t\t\t\t<h2 class=\"ult-ih-heading ult-responsive\" style=\"color:#ffffff;\"  data-ultimate-target='#ult-ih-list-item-7051 .ult-ih-heading'  data-responsive-json-new='{\"font-size\":\"desktop:22px;\",\"line-height\":\"desktop:28px;\"}' >Zipper Araba Yap\u0131\u015ft\u0131r\u0131c\u0131s\u0131<\/h2>\t\t\t<\/div>\t\t\t<div class=\"ult-ih-divider-block\" style=\"height:1px;\">\t\t\t\t<span class=\"ult-ih-line\" style=\"border-style:solid;border-color:rgba(255,255,255,0.75);width:100px;border-width:1px;\"><\/span>\t\t\t<\/div>\t\t\t<div class=\"ult-ih-description-block\" style=\"\">\t\t\t\t<div class=\"ult-ih-description ult-responsive\" style=\"color:#bbbbbb;\"  data-ultimate-target='#ult-ih-list-item-7051 .ult-ih-description, #ult-ih-list-item-7051 .ult-ih-description p'  data-responsive-json-new='{\"font-size\":\"desktop:12px;\",\"line-height\":\"desktop:18px;\"}' >\t\t\t\t<\/div>\t\t\t<\/div>\t<\/div>\t<\/div><\/div><\/div><\/a><\/li>\t<\/ul><\/div><\/div><\/div><\/div><div class=\"vc_col-sm-3 wpb_column vc_column_container\"><div class=\"vc_column-inner\"><div class=\"wpb_wrapper\"><div class=\"ult-ih-container ult-adjust-bottom-margin  \" >\t<ul class=\"ult-ih-list \"  data-shape=\"square\"  data-width=\"250\"  data-height=\"250\"  style=\"text-align:center; \"><li id=\"ult-ih-list-item-7366\" class=\"ult-ih-list-item\" style=\"height: 250px; width: 250px;  margin: 15px\"><a class=\"ult-ih-link\" href=\"https:\/\/www.zipperglue.com\/tr\/zipper-multipurpose-two-component-glue\/\" title=\"Zipper \u00c7ift kar\u0131\u015f\u0131m \u00c7ok Ama\u00e7l\u0131 Yap\u0131\u015ft\u0131r\u0131c\u0131\"  ><div style=\"height: 250px; width: 250px; \" class=\"ult-ih-item ult-ih-effect17    \"><div class=\"ult-ih-image-block\" style=\"height: 250px; width: 250px; \">\t<div class=\"ult-ih-wrapper\" style=\"\"><\/div>\t<img decoding=\"async\" class=\"ult-ih-image\" src=\"https:\/\/www.zipperglue.com\/wp-content\/uploads\/2021\/06\/Twin.jpg\" alt=\"null\"><\/div><div class=\"ult-ih-info\" style=\"background-color: rgba(0,0,0,0.75); \">\t<div class=\"ult-ih-info-back\">\t<div class=\"ult-ih-content\">\t\t\t<div class=\"ult-ih-heading-block\" style=\"\">\t\t\t\t<h2 class=\"ult-ih-heading ult-responsive\" style=\"color:#ffffff;\"  data-ultimate-target='#ult-ih-list-item-7366 .ult-ih-heading'  data-responsive-json-new='{\"font-size\":\"desktop:22px;\",\"line-height\":\"desktop:28px;\"}' >Zipper \u00c7ift kar\u0131\u015f\u0131m \u00c7ok Ama\u00e7l\u0131 Yap\u0131\u015ft\u0131r\u0131c\u0131<\/h2>\t\t\t<\/div>\t\t\t<div class=\"ult-ih-divider-block\" style=\"height:1px;\">\t\t\t\t<span class=\"ult-ih-line\" style=\"border-style:solid;border-color:rgba(255,255,255,0.75);width:100px;border-width:1px;\"><\/span>\t\t\t<\/div>\t\t\t<div class=\"ult-ih-description-block\" style=\"\">\t\t\t\t<div class=\"ult-ih-description ult-responsive\" style=\"color:#bbbbbb;\"  data-ultimate-target='#ult-ih-list-item-7366 .ult-ih-description, #ult-ih-list-item-7366 .ult-ih-description p'  data-responsive-json-new='{\"font-size\":\"desktop:12px;\",\"line-height\":\"desktop:18px;\"}' >\t\t\t\t<\/div>\t\t\t<\/div>\t<\/div>\t<\/div><\/div><\/div><\/a><\/li>\t<\/ul><\/div><\/div><\/div><\/div><\/div><\/div><\/section><section class=\"l-section wpb_row height_medium\"><div class=\"l-section-h i-cf\"><div class=\"g-cols via_flex valign_top type_default\"><div class=\"vc_col-sm-3 wpb_column vc_column_container  hide_on_default hide_on_laptops hide_on_tablets hide_on_mobiles\"><div class=\"vc_column-inner\"><div class=\"wpb_wrapper\"><div class=\"ult-ih-container ult-adjust-bottom-margin  \" >\t<ul class=\"ult-ih-list \"  data-shape=\"square\"  data-width=\"250\"  data-height=\"250\"  style=\"text-align:center; \"><li id=\"ult-ih-list-item-6021\" class=\"ult-ih-list-item\" style=\"height: 250px; width: 250px;  margin: 15px\"><a class=\"ult-ih-link\" href=\"https:\/\/www.zipperglue.com\/tr\/portfolio\/zipper-universal-fast-adhesive-110-g-with-400-ml-spray\/\" title=\"Z\u0130PPER HIZLI YAPI\u015eTIRICI \u2013 400 ml Sprey Ile 110 g\"  ><div style=\"height: 250px; width: 250px; \" class=\"ult-ih-item ult-ih-effect17    \"><div class=\"ult-ih-image-block\" style=\"height: 250px; width: 250px; \">\t<div class=\"ult-ih-wrapper\" style=\"\"><\/div>\t<img decoding=\"async\" class=\"ult-ih-image\" src=\"https:\/\/www.zipperglue.com\/wp-content\/uploads\/2021\/06\/123.jpg\" alt=\"null\"><\/div><div class=\"ult-ih-info\" style=\"background-color: rgba(0,0,0,0.75); \">\t<div class=\"ult-ih-info-back\">\t<div class=\"ult-ih-content\">\t\t\t<div class=\"ult-ih-heading-block\" style=\"\">\t\t\t\t<h2 class=\"ult-ih-heading ult-responsive\" style=\"color:#ffffff;\"  data-ultimate-target='#ult-ih-list-item-6021 .ult-ih-heading'  data-responsive-json-new='{\"font-size\":\"desktop:22px;\",\"line-height\":\"desktop:28px;\"}' >Z\u0130PPER HIZLI YAPI\u015eTIRICI \u2013 400 ml Sprey Ile 110 g<\/h2>\t\t\t<\/div>\t\t\t<div class=\"ult-ih-divider-block\" style=\"height:1px;\">\t\t\t\t<span class=\"ult-ih-line\" style=\"border-style:solid;border-color:rgba(255,255,255,0.75);width:100px;border-width:1px;\"><\/span>\t\t\t<\/div>\t\t\t<div class=\"ult-ih-description-block\" style=\"\">\t\t\t\t<div class=\"ult-ih-description ult-responsive\" style=\"color:#bbbbbb;\"  data-ultimate-target='#ult-ih-list-item-6021 .ult-ih-description, #ult-ih-list-item-6021 .ult-ih-description p'  data-responsive-json-new='{\"font-size\":\"desktop:12px;\",\"line-height\":\"desktop:18px;\"}' >\t\t\t\t<\/div>\t\t\t<\/div>\t<\/div>\t<\/div><\/div><\/div><\/a><\/li>\t<\/ul><\/div><\/div><\/div><\/div><div class=\"vc_col-sm-3 wpb_column vc_column_container\"><div class=\"vc_column-inner\"><div class=\"wpb_wrapper\"><\/div><\/div><\/div><div class=\"vc_col-sm-3 wpb_column vc_column_container\"><div class=\"vc_column-inner\"><div class=\"wpb_wrapper\"><\/div><\/div><\/div><div class=\"vc_col-sm-3 wpb_column vc_column_container\"><div class=\"vc_column-inner\"><div class=\"wpb_wrapper\"><\/div><\/div><\/div><\/div><\/div><\/section>\n","protected":false},"excerpt":{"rendered":"Fermuar yap\u0131\u015ft\u0131r\u0131c\u0131 kimya sanayi \u00fcr\u00fcnleriFermuar Yap\u0131\u015ft\u0131r\u0131c\u0131 Kimya Sanayii \u0130ran&#8217;da end\u00fcstriyel yap\u0131\u015ft\u0131r\u0131c\u0131 \u00fcreticisi Zipper Ikiz Yap\u0131\u015ft\u0131r\u0131c\u0131 E20 Zipper Conta Yap\u0131\u015ft\u0131r\u0131c\u0131s\u0131 Zipper Araba Yap\u0131\u015ft\u0131r\u0131c\u0131s\u0131 Zipper \u00c7ift kar\u0131\u015f\u0131m \u00c7ok Ama\u00e7l\u0131 Yap\u0131\u015ft\u0131r\u0131c\u0131 Z\u0130PPER HIZLI YAPI\u015eTIRICI \u2013 400 ml Sprey Ile 110 g","protected":false},"author":8,"featured_media":0,"parent":0,"menu_order":0,"comment_status":"closed","ping_status":"closed","template":"","meta":{"_acf_changed":false,"_monsterinsights_skip_tracking":false,"_monsterinsights_sitenote_active":false,"_monsterinsights_sitenote_note":"","_monsterinsights_sitenote_category":0,"footnotes":""},"acf":[],"yoast_head":"<!-- This site is optimized with the Yoast SEO Premium plugin v22.9 (Yoast SEO v22.9) - https:\/\/yoast.com\/wordpress\/plugins\/seo\/ -->\n<title>\u00dcr\u00fcnler | \u0635\u0646\u0627\u06cc\u0639 \u0634\u06cc\u0645\u06cc\u0627\u06cc\u06cc \u0686\u0633\u0628 \u0632\u06cc\u067e\u0631<\/title>\n<meta name=\"robots\" content=\"index, follow, max-snippet:-1, max-image-preview:large, max-video-preview:-1\" \/>\n<link rel=\"canonical\" href=\"https:\/\/www.zipperglue.com\/tr\/products\/\" \/>\n<meta property=\"og:locale\" content=\"tr_TR\" \/>\n<meta property=\"og:type\" content=\"article\" \/>\n<meta property=\"og:title\" content=\"\u00dcr\u00fcnler\" \/>\n<meta property=\"og:url\" content=\"https:\/\/www.zipperglue.com\/tr\/products\/\" \/>\n<meta property=\"og:site_name\" content=\"\u0635\u0646\u0627\u06cc\u0639 \u0634\u06cc\u0645\u06cc\u0627\u06cc\u06cc \u0686\u0633\u0628 \u0632\u06cc\u067e\u0631\" \/>\n<meta property=\"article:publisher\" content=\"https:\/\/www.facebook.com\/zipper.glue\" \/>\n<meta property=\"article:modified_time\" content=\"2024-01-31T13:48:44+00:00\" \/>\n<meta name=\"twitter:card\" content=\"summary_large_image\" \/>\n<meta name=\"twitter:site\" content=\"@zipperglue\" \/>\n<meta name=\"twitter:label1\" content=\"Tahmini okuma s\u00fcresi\" \/>\n\t<meta name=\"twitter:data1\" content=\"1 dakika\" \/>\n<script type=\"application\/ld+json\" class=\"yoast-schema-graph\">{\"@context\":\"https:\/\/schema.org\",\"@graph\":[{\"@type\":\"WebPage\",\"@id\":\"https:\/\/www.zipperglue.com\/tr\/products\/\",\"url\":\"https:\/\/www.zipperglue.com\/tr\/products\/\",\"name\":\"\u00dcr\u00fcnler | \u0635\u0646\u0627\u06cc\u0639 \u0634\u06cc\u0645\u06cc\u0627\u06cc\u06cc \u0686\u0633\u0628 \u0632\u06cc\u067e\u0631\",\"isPartOf\":{\"@id\":\"https:\/\/www.zipperglue.com\/#website\"},\"datePublished\":\"2013-05-31T12:08:43+00:00\",\"dateModified\":\"2024-01-31T13:48:44+00:00\",\"breadcrumb\":{\"@id\":\"https:\/\/www.zipperglue.com\/tr\/products\/#breadcrumb\"},\"inLanguage\":\"tr\",\"potentialAction\":[{\"@type\":\"ReadAction\",\"target\":[\"https:\/\/www.zipperglue.com\/tr\/products\/\"]}]},{\"@type\":\"BreadcrumbList\",\"@id\":\"https:\/\/www.zipperglue.com\/tr\/products\/#breadcrumb\",\"itemListElement\":[{\"@type\":\"ListItem\",\"position\":1,\"name\":\"Home\",\"item\":\"https:\/\/www.zipperglue.com\/tr\/\"},{\"@type\":\"ListItem\",\"position\":2,\"name\":\"\u00dcr\u00fcnler\"}]},{\"@type\":\"WebSite\",\"@id\":\"https:\/\/www.zipperglue.com\/#website\",\"url\":\"https:\/\/www.zipperglue.com\/\",\"name\":\"\u0635\u0646\u0627\u06cc\u0639 \u0634\u06cc\u0645\u06cc\u0627\u06cc\u06cc \u0686\u0633\u0628 \u0632\u06cc\u067e\u0631\",\"description\":\"\",\"publisher\":{\"@id\":\"https:\/\/www.zipperglue.com\/#organization\"},\"potentialAction\":[{\"@type\":\"SearchAction\",\"target\":{\"@type\":\"EntryPoint\",\"urlTemplate\":\"https:\/\/www.zipperglue.com\/?s={search_term_string}\"},\"query-input\":\"required name=search_term_string\"}],\"inLanguage\":\"tr\"},{\"@type\":\"Organization\",\"@id\":\"https:\/\/www.zipperglue.com\/#organization\",\"name\":\"\u0686\u0633\u0628 \u0632\u06cc\u067e\u0631\",\"url\":\"https:\/\/www.zipperglue.com\/\",\"logo\":{\"@type\":\"ImageObject\",\"inLanguage\":\"tr\",\"@id\":\"https:\/\/www.zipperglue.com\/#\/schema\/logo\/image\/\",\"url\":\"https:\/\/www.zipperglue.com\/wp-content\/uploads\/2017\/05\/02logo.png\",\"contentUrl\":\"https:\/\/www.zipperglue.com\/wp-content\/uploads\/2017\/05\/02logo.png\",\"width\":471,\"height\":485,\"caption\":\"\u0686\u0633\u0628 \u0632\u06cc\u067e\u0631\"},\"image\":{\"@id\":\"https:\/\/www.zipperglue.com\/#\/schema\/logo\/image\/\"},\"sameAs\":[\"https:\/\/www.facebook.com\/zipper.glue\",\"https:\/\/x.com\/zipperglue\",\"https:\/\/www.instagram.com\/zipperglue\/\"]}]}<\/script>\n<!-- \/ Yoast SEO Premium plugin. -->","yoast_head_json":{"title":"\u00dcr\u00fcnler | \u0635\u0646\u0627\u06cc\u0639 \u0634\u06cc\u0645\u06cc\u0627\u06cc\u06cc \u0686\u0633\u0628 \u0632\u06cc\u067e\u0631","robots":{"index":"index","follow":"follow","max-snippet":"max-snippet:-1","max-image-preview":"max-image-preview:large","max-video-preview":"max-video-preview:-1"},"canonical":"https:\/\/www.zipperglue.com\/tr\/products\/","og_locale":"tr_TR","og_type":"article","og_title":"\u00dcr\u00fcnler","og_url":"https:\/\/www.zipperglue.com\/tr\/products\/","og_site_name":"\u0635\u0646\u0627\u06cc\u0639 \u0634\u06cc\u0645\u06cc\u0627\u06cc\u06cc \u0686\u0633\u0628 \u0632\u06cc\u067e\u0631","article_publisher":"https:\/\/www.facebook.com\/zipper.glue","article_modified_time":"2024-01-31T13:48:44+00:00","twitter_card":"summary_large_image","twitter_site":"@zipperglue","twitter_misc":{"Tahmini okuma s\u00fcresi":"1 dakika"},"schema":{"@context":"https:\/\/schema.org","@graph":[{"@type":"WebPage","@id":"https:\/\/www.zipperglue.com\/tr\/products\/","url":"https:\/\/www.zipperglue.com\/tr\/products\/","name":"\u00dcr\u00fcnler | \u0635\u0646\u0627\u06cc\u0639 \u0634\u06cc\u0645\u06cc\u0627\u06cc\u06cc \u0686\u0633\u0628 \u0632\u06cc\u067e\u0631","isPartOf":{"@id":"https:\/\/www.zipperglue.com\/#website"},"datePublished":"2013-05-31T12:08:43+00:00","dateModified":"2024-01-31T13:48:44+00:00","breadcrumb":{"@id":"https:\/\/www.zipperglue.com\/tr\/products\/#breadcrumb"},"inLanguage":"tr","potentialAction":[{"@type":"ReadAction","target":["https:\/\/www.zipperglue.com\/tr\/products\/"]}]},{"@type":"BreadcrumbList","@id":"https:\/\/www.zipperglue.com\/tr\/products\/#breadcrumb","itemListElement":[{"@type":"ListItem","position":1,"name":"Home","item":"https:\/\/www.zipperglue.com\/tr\/"},{"@type":"ListItem","position":2,"name":"\u00dcr\u00fcnler"}]},{"@type":"WebSite","@id":"https:\/\/www.zipperglue.com\/#website","url":"https:\/\/www.zipperglue.com\/","name":"\u0635\u0646\u0627\u06cc\u0639 \u0634\u06cc\u0645\u06cc\u0627\u06cc\u06cc \u0686\u0633\u0628 \u0632\u06cc\u067e\u0631","description":"","publisher":{"@id":"https:\/\/www.zipperglue.com\/#organization"},"potentialAction":[{"@type":"SearchAction","target":{"@type":"EntryPoint","urlTemplate":"https:\/\/www.zipperglue.com\/?s={search_term_string}"},"query-input":"required name=search_term_string"}],"inLanguage":"tr"},{"@type":"Organization","@id":"https:\/\/www.zipperglue.com\/#organization","name":"\u0686\u0633\u0628 \u0632\u06cc\u067e\u0631","url":"https:\/\/www.zipperglue.com\/","logo":{"@type":"ImageObject","inLanguage":"tr","@id":"https:\/\/www.zipperglue.com\/#\/schema\/logo\/image\/","url":"https:\/\/www.zipperglue.com\/wp-content\/uploads\/2017\/05\/02logo.png","contentUrl":"https:\/\/www.zipperglue.com\/wp-content\/uploads\/2017\/05\/02logo.png","width":471,"height":485,"caption":"\u0686\u0633\u0628 \u0632\u06cc\u067e\u0631"},"image":{"@id":"https:\/\/www.zipperglue.com\/#\/schema\/logo\/image\/"},"sameAs":["https:\/\/www.facebook.com\/zipper.glue","https:\/\/x.com\/zipperglue","https:\/\/www.instagram.com\/zipperglue\/"]}]}},"_links":{"self":[{"href":"https:\/\/www.zipperglue.com\/tr\/wp-json\/wp\/v2\/pages\/7253"}],"collection":[{"href":"https:\/\/www.zipperglue.com\/tr\/wp-json\/wp\/v2\/pages"}],"about":[{"href":"https:\/\/www.zipperglue.com\/tr\/wp-json\/wp\/v2\/types\/page"}],"author":[{"embeddable":true,"href":"https:\/\/www.zipperglue.com\/tr\/wp-json\/wp\/v2\/users\/8"}],"replies":[{"embeddable":true,"href":"https:\/\/www.zipperglue.com\/tr\/wp-json\/wp\/v2\/comments?post=7253"}],"version-history":[{"count":12,"href":"https:\/\/www.zipperglue.com\/tr\/wp-json\/wp\/v2\/pages\/7253\/revisions"}],"predecessor-version":[{"id":9105,"href":"https:\/\/www.zipperglue.com\/tr\/wp-json\/wp\/v2\/pages\/7253\/revisions\/9105"}],"wp:attachment":[{"href":"https:\/\/www.zipperglue.com\/tr\/wp-json\/wp\/v2\/media?parent=7253"}],"curies":[{"name":"wp","href":"https:\/\/api.w.org\/{rel}","templated":true}]}}