{"id":8732,"date":"2021-06-21T08:10:37","date_gmt":"2021-06-21T08:10:37","guid":{"rendered":"https:\/\/www.zipperglue.com\/products\/gasket-maker\/"},"modified":"2021-06-21T11:14:04","modified_gmt":"2021-06-21T11:14:04","slug":"gasket-maker","status":"publish","type":"page","link":"https:\/\/www.zipperglue.com\/tr\/gasket-maker\/","title":{"rendered":"Zipper Conta Yap\u0131\u015ft\u0131r\u0131c\u0131s\u0131"},"content":{"rendered":"<section class=\"l-section wpb_row height_medium\"><div class=\"l-section-h i-cf\"><div class=\"g-cols via_flex valign_top type_default\"><div class=\"vc_col-sm-12 wpb_column vc_column_container\"><div class=\"vc_column-inner\"><div class=\"wpb_wrapper\"><div class=\"w-grid type_grid layout_8071 cols_2 ratio_4x3\" id=\"us_grid_1\" data-filterable=\"true\"><style>#us_grid_1 .w-grid-item{padding:1.5rem}#us_grid_1 .w-grid-list{margin:-1.5rem}.w-grid + #us_grid_1 .w-grid-list{margin-top:1.5rem}@media (max-width:599px){#us_grid_1 .w-grid-list{margin:0}#us_grid_1 .w-grid-item{width:100%;padding:0;margin-bottom:1.5rem}}.layout_8071 .w-grid-item-h:before{padding-bottom:75%}@media (min-width:600px){.layout_8071 .w-grid-item.size_1x2 .w-grid-item-h:before{padding-bottom:calc(150% + 1.5rem + 1.5rem)}.layout_8071 .w-grid-item.size_2x1 .w-grid-item-h:before{padding-bottom:calc(37.5% - 1.5rem * 0.75)}.layout_8071 .w-grid-item.size_2x2 .w-grid-item-h:before{padding-bottom:calc(75% - 1.5rem * -0.5)}}.layout_8071 .w-grid-item-h{}.layout_8071 .usg_post_image_1{transition-duration:0.3s;transform-origin:50% 50%;transform:scale(1) translate(0,0)}.layout_8071 .w-grid-item-h:hover .usg_post_image_1{transform:scale(1) translate(0,0);opacity:0.15}.layout_8071 .usg_vwrapper_1{transition-duration:0.3s;transform-origin:50% 50%;transform:scale(1) translate(0,0)}.layout_8071 .w-grid-item-h:hover .usg_vwrapper_1{transform:scale(1) translate(0,0);opacity:0}.layout_8071 .usg_vwrapper_2{transition-duration:0.3s;transform-origin:50% 50%;transform:scale(1) translate(0,0)}.layout_8071 .w-grid-item-h:hover .usg_vwrapper_2{transform:scale(1) translate(0,-20%);opacity:1;color:inherit!important}.layout_8071 .usg_post_image_1{position:absolute!important;top:0!important;right:0!important;bottom:0!important;left:0!important}.layout_8071 .usg_vwrapper_1{position:absolute!important;top:50%!important;right:0!important;bottom:-1px!important;left:0!important}.layout_8071 .usg_vwrapper_2{position:absolute!important;right:0!important;bottom:0!important;left:0!important;padding-right:2rem!important;padding-bottom:1.5rem!important;padding-left:2rem!important;color:#fff!important}.layout_8071 .usg_post_title_1{color:inherit!important}.layout_8071 .usg_post_date_1{font-size:13px!important}<\/style><div class=\"w-grid-list\"><\/div><div class=\"w-grid-preloader\"><div class=\"g-preloader type_1\">\r\n\t<div><\/div>\r\n<\/div>\r\n<\/div>\t<div class=\"w-grid-json hidden\" onclick='return {&quot;action&quot;:&quot;us_ajax_grid&quot;,&quot;ajax_url&quot;:&quot;https:\\\/\\\/www.zipperglue.com\\\/wp-admin\\\/admin-ajax.php&quot;,&quot;infinite_scroll&quot;:0,&quot;max_num_pages&quot;:0,&quot;pagination&quot;:&quot;none&quot;,&quot;permalink_url&quot;:&quot;https:\\\/\\\/www.zipperglue.com\\\/tr\\\/wp-json\\\/wp\\\/v2\\\/pages\\\/8732\\\/&quot;,&quot;template_vars&quot;:{&quot;columns&quot;:&quot;2&quot;,&quot;exclude_items&quot;:&quot;none&quot;,&quot;img_size&quot;:&quot;default&quot;,&quot;ignore_items_size&quot;:false,&quot;items_layout&quot;:&quot;8071&quot;,&quot;items_offset&quot;:&quot;1&quot;,&quot;load_animation&quot;:&quot;none&quot;,&quot;overriding_link&quot;:&quot;post&quot;,&quot;post_id&quot;:8732,&quot;query_args&quot;:{&quot;post_type&quot;:[&quot;us_portfolio&quot;],&quot;tax_query&quot;:[{&quot;taxonomy&quot;:&quot;us_portfolio_category&quot;,&quot;field&quot;:&quot;slug&quot;,&quot;terms&quot;:[&quot;zipper-hi-temp-silicone-gasket-maker&quot;,&quot;zipper-hi-temp-silicone-gasket-maker-en&quot;,&quot;zipper-hi-temp-silicone-gasket-maker-tr&quot;]}],&quot;post_status&quot;:[&quot;publish&quot;,&quot;acf-disabled&quot;],&quot;posts_per_page&quot;:&quot;10&quot;},&quot;orderby_query_args&quot;:{&quot;orderby&quot;:{&quot;date&quot;:&quot;DESC&quot;}},&quot;type&quot;:&quot;grid&quot;,&quot;us_grid_ajax_index&quot;:1,&quot;us_grid_filter_params&quot;:null,&quot;us_grid_index&quot;:1,&quot;_us_grid_post_type&quot;:&quot;us_portfolio&quot;,&quot;lang&quot;:&quot;tr&quot;}}'><\/div>\r\n\t<h4 class=\"w-grid-none\">Herhangi bir sonu\u00e7 bulunamad\u0131.<\/h4><\/div><\/div><\/div><\/div><\/div><\/div><\/section>\n","protected":false},"excerpt":{"rendered":"Herhangi bir sonu\u00e7 bulunamad\u0131.","protected":false},"author":8,"featured_media":0,"parent":0,"menu_order":0,"comment_status":"closed","ping_status":"closed","template":"","meta":{"_acf_changed":false,"_monsterinsights_skip_tracking":false,"_monsterinsights_sitenote_active":false,"_monsterinsights_sitenote_note":"","_monsterinsights_sitenote_category":0,"footnotes":""},"acf":[],"yoast_head":"<!-- This site is optimized with the Yoast SEO Premium plugin v22.9 (Yoast SEO v22.9) - https:\/\/yoast.com\/wordpress\/plugins\/seo\/ -->\n<title>Zipper Conta Yap\u0131\u015ft\u0131r\u0131c\u0131s\u0131 | \u0635\u0646\u0627\u06cc\u0639 \u0634\u06cc\u0645\u06cc\u0627\u06cc\u06cc \u0686\u0633\u0628 \u0632\u06cc\u067e\u0631<\/title>\n<meta name=\"robots\" content=\"index, follow, max-snippet:-1, max-image-preview:large, max-video-preview:-1\" \/>\n<link rel=\"canonical\" href=\"https:\/\/www.zipperglue.com\/tr\/gasket-maker\/\" \/>\n<meta property=\"og:locale\" content=\"tr_TR\" \/>\n<meta property=\"og:type\" content=\"article\" \/>\n<meta property=\"og:title\" content=\"Zipper Conta Yap\u0131\u015ft\u0131r\u0131c\u0131s\u0131\" \/>\n<meta property=\"og:url\" content=\"https:\/\/www.zipperglue.com\/tr\/gasket-maker\/\" \/>\n<meta property=\"og:site_name\" content=\"\u0635\u0646\u0627\u06cc\u0639 \u0634\u06cc\u0645\u06cc\u0627\u06cc\u06cc \u0686\u0633\u0628 \u0632\u06cc\u067e\u0631\" \/>\n<meta property=\"article:publisher\" content=\"https:\/\/www.facebook.com\/zipper.glue\" \/>\n<meta property=\"article:modified_time\" content=\"2021-06-21T11:14:04+00:00\" \/>\n<meta name=\"twitter:card\" content=\"summary_large_image\" \/>\n<meta name=\"twitter:site\" content=\"@zipperglue\" \/>\n<meta name=\"twitter:label1\" content=\"Tahmini okuma s\u00fcresi\" \/>\n\t<meta name=\"twitter:data1\" content=\"1 dakika\" \/>\n<script type=\"application\/ld+json\" class=\"yoast-schema-graph\">{\"@context\":\"https:\/\/schema.org\",\"@graph\":[{\"@type\":\"WebPage\",\"@id\":\"https:\/\/www.zipperglue.com\/tr\/gasket-maker\/\",\"url\":\"https:\/\/www.zipperglue.com\/tr\/gasket-maker\/\",\"name\":\"Zipper Conta Yap\u0131\u015ft\u0131r\u0131c\u0131s\u0131 | \u0635\u0646\u0627\u06cc\u0639 \u0634\u06cc\u0645\u06cc\u0627\u06cc\u06cc \u0686\u0633\u0628 \u0632\u06cc\u067e\u0631\",\"isPartOf\":{\"@id\":\"https:\/\/www.zipperglue.com\/#website\"},\"datePublished\":\"2021-06-21T08:10:37+00:00\",\"dateModified\":\"2021-06-21T11:14:04+00:00\",\"breadcrumb\":{\"@id\":\"https:\/\/www.zipperglue.com\/tr\/gasket-maker\/#breadcrumb\"},\"inLanguage\":\"tr\",\"potentialAction\":[{\"@type\":\"ReadAction\",\"target\":[\"https:\/\/www.zipperglue.com\/tr\/gasket-maker\/\"]}]},{\"@type\":\"BreadcrumbList\",\"@id\":\"https:\/\/www.zipperglue.com\/tr\/gasket-maker\/#breadcrumb\",\"itemListElement\":[{\"@type\":\"ListItem\",\"position\":1,\"name\":\"Home\",\"item\":\"https:\/\/www.zipperglue.com\/tr\/\"},{\"@type\":\"ListItem\",\"position\":2,\"name\":\"Zipper Conta Yap\u0131\u015ft\u0131r\u0131c\u0131s\u0131\"}]},{\"@type\":\"WebSite\",\"@id\":\"https:\/\/www.zipperglue.com\/#website\",\"url\":\"https:\/\/www.zipperglue.com\/\",\"name\":\"\u0635\u0646\u0627\u06cc\u0639 \u0634\u06cc\u0645\u06cc\u0627\u06cc\u06cc \u0686\u0633\u0628 \u0632\u06cc\u067e\u0631\",\"description\":\"\",\"publisher\":{\"@id\":\"https:\/\/www.zipperglue.com\/#organization\"},\"potentialAction\":[{\"@type\":\"SearchAction\",\"target\":{\"@type\":\"EntryPoint\",\"urlTemplate\":\"https:\/\/www.zipperglue.com\/?s={search_term_string}\"},\"query-input\":\"required name=search_term_string\"}],\"inLanguage\":\"tr\"},{\"@type\":\"Organization\",\"@id\":\"https:\/\/www.zipperglue.com\/#organization\",\"name\":\"\u0686\u0633\u0628 \u0632\u06cc\u067e\u0631\",\"url\":\"https:\/\/www.zipperglue.com\/\",\"logo\":{\"@type\":\"ImageObject\",\"inLanguage\":\"tr\",\"@id\":\"https:\/\/www.zipperglue.com\/#\/schema\/logo\/image\/\",\"url\":\"https:\/\/www.zipperglue.com\/wp-content\/uploads\/2017\/05\/02logo.png\",\"contentUrl\":\"https:\/\/www.zipperglue.com\/wp-content\/uploads\/2017\/05\/02logo.png\",\"width\":471,\"height\":485,\"caption\":\"\u0686\u0633\u0628 \u0632\u06cc\u067e\u0631\"},\"image\":{\"@id\":\"https:\/\/www.zipperglue.com\/#\/schema\/logo\/image\/\"},\"sameAs\":[\"https:\/\/www.facebook.com\/zipper.glue\",\"https:\/\/x.com\/zipperglue\",\"https:\/\/www.instagram.com\/zipperglue\/\"]}]}<\/script>\n<!-- \/ Yoast SEO Premium plugin. -->","yoast_head_json":{"title":"Zipper Conta Yap\u0131\u015ft\u0131r\u0131c\u0131s\u0131 | \u0635\u0646\u0627\u06cc\u0639 \u0634\u06cc\u0645\u06cc\u0627\u06cc\u06cc \u0686\u0633\u0628 \u0632\u06cc\u067e\u0631","robots":{"index":"index","follow":"follow","max-snippet":"max-snippet:-1","max-image-preview":"max-image-preview:large","max-video-preview":"max-video-preview:-1"},"canonical":"https:\/\/www.zipperglue.com\/tr\/gasket-maker\/","og_locale":"tr_TR","og_type":"article","og_title":"Zipper Conta Yap\u0131\u015ft\u0131r\u0131c\u0131s\u0131","og_url":"https:\/\/www.zipperglue.com\/tr\/gasket-maker\/","og_site_name":"\u0635\u0646\u0627\u06cc\u0639 \u0634\u06cc\u0645\u06cc\u0627\u06cc\u06cc \u0686\u0633\u0628 \u0632\u06cc\u067e\u0631","article_publisher":"https:\/\/www.facebook.com\/zipper.glue","article_modified_time":"2021-06-21T11:14:04+00:00","twitter_card":"summary_large_image","twitter_site":"@zipperglue","twitter_misc":{"Tahmini okuma s\u00fcresi":"1 dakika"},"schema":{"@context":"https:\/\/schema.org","@graph":[{"@type":"WebPage","@id":"https:\/\/www.zipperglue.com\/tr\/gasket-maker\/","url":"https:\/\/www.zipperglue.com\/tr\/gasket-maker\/","name":"Zipper Conta Yap\u0131\u015ft\u0131r\u0131c\u0131s\u0131 | \u0635\u0646\u0627\u06cc\u0639 \u0634\u06cc\u0645\u06cc\u0627\u06cc\u06cc \u0686\u0633\u0628 \u0632\u06cc\u067e\u0631","isPartOf":{"@id":"https:\/\/www.zipperglue.com\/#website"},"datePublished":"2021-06-21T08:10:37+00:00","dateModified":"2021-06-21T11:14:04+00:00","breadcrumb":{"@id":"https:\/\/www.zipperglue.com\/tr\/gasket-maker\/#breadcrumb"},"inLanguage":"tr","potentialAction":[{"@type":"ReadAction","target":["https:\/\/www.zipperglue.com\/tr\/gasket-maker\/"]}]},{"@type":"BreadcrumbList","@id":"https:\/\/www.zipperglue.com\/tr\/gasket-maker\/#breadcrumb","itemListElement":[{"@type":"ListItem","position":1,"name":"Home","item":"https:\/\/www.zipperglue.com\/tr\/"},{"@type":"ListItem","position":2,"name":"Zipper Conta Yap\u0131\u015ft\u0131r\u0131c\u0131s\u0131"}]},{"@type":"WebSite","@id":"https:\/\/www.zipperglue.com\/#website","url":"https:\/\/www.zipperglue.com\/","name":"\u0635\u0646\u0627\u06cc\u0639 \u0634\u06cc\u0645\u06cc\u0627\u06cc\u06cc \u0686\u0633\u0628 \u0632\u06cc\u067e\u0631","description":"","publisher":{"@id":"https:\/\/www.zipperglue.com\/#organization"},"potentialAction":[{"@type":"SearchAction","target":{"@type":"EntryPoint","urlTemplate":"https:\/\/www.zipperglue.com\/?s={search_term_string}"},"query-input":"required name=search_term_string"}],"inLanguage":"tr"},{"@type":"Organization","@id":"https:\/\/www.zipperglue.com\/#organization","name":"\u0686\u0633\u0628 \u0632\u06cc\u067e\u0631","url":"https:\/\/www.zipperglue.com\/","logo":{"@type":"ImageObject","inLanguage":"tr","@id":"https:\/\/www.zipperglue.com\/#\/schema\/logo\/image\/","url":"https:\/\/www.zipperglue.com\/wp-content\/uploads\/2017\/05\/02logo.png","contentUrl":"https:\/\/www.zipperglue.com\/wp-content\/uploads\/2017\/05\/02logo.png","width":471,"height":485,"caption":"\u0686\u0633\u0628 \u0632\u06cc\u067e\u0631"},"image":{"@id":"https:\/\/www.zipperglue.com\/#\/schema\/logo\/image\/"},"sameAs":["https:\/\/www.facebook.com\/zipper.glue","https:\/\/x.com\/zipperglue","https:\/\/www.instagram.com\/zipperglue\/"]}]}},"_links":{"self":[{"href":"https:\/\/www.zipperglue.com\/tr\/wp-json\/wp\/v2\/pages\/8732"}],"collection":[{"href":"https:\/\/www.zipperglue.com\/tr\/wp-json\/wp\/v2\/pages"}],"about":[{"href":"https:\/\/www.zipperglue.com\/tr\/wp-json\/wp\/v2\/types\/page"}],"author":[{"embeddable":true,"href":"https:\/\/www.zipperglue.com\/tr\/wp-json\/wp\/v2\/users\/8"}],"replies":[{"embeddable":true,"href":"https:\/\/www.zipperglue.com\/tr\/wp-json\/wp\/v2\/comments?post=8732"}],"version-history":[{"count":5,"href":"https:\/\/www.zipperglue.com\/tr\/wp-json\/wp\/v2\/pages\/8732\/revisions"}],"predecessor-version":[{"id":8748,"href":"https:\/\/www.zipperglue.com\/tr\/wp-json\/wp\/v2\/pages\/8732\/revisions\/8748"}],"wp:attachment":[{"href":"https:\/\/www.zipperglue.com\/tr\/wp-json\/wp\/v2\/media?parent=8732"}],"curies":[{"name":"wp","href":"https:\/\/api.w.org\/{rel}","templated":true}]}}